{"id":1477,"date":"2021-02-26T07:27:41","date_gmt":"2021-02-26T07:27:41","guid":{"rendered":"https:\/\/pododinamica.es\/?page_id=1477"},"modified":"2021-03-14T09:28:03","modified_gmt":"2021-03-14T09:28:03","slug":"exploracion-biomecanica","status":"publish","type":"page","link":"https:\/\/pododinamica.es\/?page_id=1477","title":{"rendered":"Exploraci\u00f3n Biomec\u00e1nica"},"content":{"rendered":"\t\t<div data-elementor-type=\"wp-page\" data-elementor-id=\"1477\" class=\"elementor elementor-1477\">\n\t\t\t\t\t\t<section class=\"elementor-section elementor-top-section elementor-element elementor-element-9a708d2 elementor-section-boxed elementor-section-height-default elementor-section-height-default\" data-id=\"9a708d2\" data-element_type=\"section\" data-e-type=\"section\">\n\t\t\t\t\t\t<div class=\"elementor-container elementor-column-gap-default\">\n\t\t\t\t\t<div class=\"elementor-column elementor-col-100 elementor-top-column elementor-element elementor-element-7aac835\" data-id=\"7aac835\" data-element_type=\"column\" data-e-type=\"column\">\n\t\t\t<div class=\"elementor-widget-wrap elementor-element-populated\">\n\t\t\t\t\t\t<div class=\"elementor-element elementor-element-1923007 elementor-widget__width-initial elementor-absolute elementor-widget elementor-widget-heading\" data-id=\"1923007\" data-element_type=\"widget\" data-e-type=\"widget\" data-settings=\"{&quot;_position&quot;:&quot;absolute&quot;}\" data-widget_type=\"heading.default\">\n\t\t\t\t<div class=\"elementor-widget-container\">\n\t\t\t\t\t<h3 class=\"elementor-heading-title elementor-size-large\">EXPLORACI\u00d3N BIOMEC\u00c1NICA<\/h3>\t\t\t\t<\/div>\n\t\t\t\t<\/div>\n\t\t\t\t\t<\/div>\n\t\t<\/div>\n\t\t\t\t\t<\/div>\n\t\t<\/section>\n\t\t\t\t<section class=\"elementor-section elementor-top-section elementor-element elementor-element-4106dce elementor-section-boxed elementor-section-height-default elementor-section-height-default\" data-id=\"4106dce\" data-element_type=\"section\" data-e-type=\"section\">\n\t\t\t\t\t\t<div class=\"elementor-container elementor-column-gap-default\">\n\t\t\t\t\t<div class=\"elementor-column elementor-col-100 elementor-top-column elementor-element elementor-element-74343de\" data-id=\"74343de\" data-element_type=\"column\" data-e-type=\"column\">\n\t\t\t<div class=\"elementor-widget-wrap elementor-element-populated\">\n\t\t\t\t\t\t<div class=\"elementor-element elementor-element-78c8f89 elementor-widget elementor-widget-text-editor\" data-id=\"78c8f89\" data-element_type=\"widget\" data-e-type=\"widget\" data-widget_type=\"text-editor.default\">\n\t\t\t\t<div class=\"elementor-widget-container\">\n\t\t\t\t\t\t\t\t\t<p><img decoding=\"async\" class=\"alignright wp-image-4010 size-thumbnail lazyload\" data-src=\"https:\/\/pododinamica.es\/wp-content\/uploads\/2021\/03\/P-Visualizacion-1-150x150.jpg\" alt=\"\" width=\"150\" height=\"150\" src=\"data:image\/svg+xml;base64,PHN2ZyB3aWR0aD0iMSIgaGVpZ2h0PSIxIiB4bWxucz0iaHR0cDovL3d3dy53My5vcmcvMjAwMC9zdmciPjwvc3ZnPg==\" style=\"--smush-placeholder-width: 150px; --smush-placeholder-aspect-ratio: 150\/150;\" \/>La exploraci\u00f3n biomec\u00e1nica que realizamos en <strong><span style=\"color: #6d0a9e;\">PODODIN\u00c1MICA \u00ae<\/span><\/strong> se basa en el estudio est\u00e1tico y din\u00e1mico de la pisada y del movimiento. En un primer reconocimiento exploratorio, analizamos la amplitud articular y el balance muscular de los miembros inferiores en camilla. Despu\u00e9s, se analizan los ejes biomec\u00e1nicos de orientaci\u00f3n de piernas y pies para finalmente estudiar la funcionalidad en carga de las articulaciones del pie, mediante la ayuda del estudio de podo barom\u00e9trico de <strong>las\u00a0<span style=\"color: #000000;\"><a style=\"color: #000000;\" title=\"Presiones plantares\" href=\"https:\/\/pododinamica.es\/presiones-plantares\/\">presiones plantares<\/a><\/span><\/strong><span style=\"color: #000000;\"><em>,<\/em><\/span>\u00a0tanto en est\u00e1tica como en din\u00e1mica, en tiempo real y a trav\u00e9s de una<span style=\"color: #6d0a9e;\">\u00a0<span style=\"color: #000000;\"><a style=\"color: #000000;\" title=\"Podolog\u00eda Deportiva\" href=\"https:\/\/pododinamica.es\/podologia-deportiva\/\"><strong>pantalla de visualizaci\u00f3n directa para el paciente\u00a0<\/strong><\/a><em>.<\/em><\/span><\/span><\/p><p><img decoding=\"async\" class=\"wp-image-4016 size-thumbnail alignright lazyload\" data-src=\"https:\/\/pododinamica.es\/wp-content\/uploads\/2021\/03\/tapiz-rodante-150x150.jpg\" alt=\"\" width=\"150\" height=\"150\" src=\"data:image\/svg+xml;base64,PHN2ZyB3aWR0aD0iMSIgaGVpZ2h0PSIxIiB4bWxucz0iaHR0cDovL3d3dy53My5vcmcvMjAwMC9zdmciPjwvc3ZnPg==\" style=\"--smush-placeholder-width: 150px; --smush-placeholder-aspect-ratio: 150\/150;\" \/>La recogida del movimiento por\u00a0<strong>frames<\/strong>\u00a0con c\u00e1mara de alta velocidad en el\u00a0<strong>tapiz rodante<\/strong>\u00a0durante la\u00a0<strong>carrera<\/strong>\u00a0es otro\u00a0 \u201cextra\u201d a\u00f1adido al protocolo de exploraci\u00f3n biomec\u00e1nica que usamos en\u00a0<span style=\"color: #6d0a9e;\"><strong>PODODIN\u00c1MICA\u00ae.<\/strong><\/span><\/p><p><strong>\u00bfPOR QU\u00c9 ES IMPORTANTE EL ESTUDIO DE LA PISADA?<\/strong><\/p><p>M\u00faltiples patolog\u00edas del aparato locomotor tienen su origen en la forma que tenemos de pisar. Y otras tantas tienen problemas relacionados con la pisada. El c\u00f3mo interact\u00faa nuestro pie con el suelo, de forma arm\u00f3nica y equilibrada o por contra con inestabilidad y\/o sobrecargas, puede derivar en alteraciones y lesiones de nuestros pies, piernas y espalda.<\/p><p><strong>\u00bfPOR QU\u00c9 PLANTILLAS ORTOP\u00c9DICAS A MEDIDA? <\/strong><\/p><p><img decoding=\"async\" class=\"wp-image-4007 size-thumbnail alignright lazyload\" data-src=\"https:\/\/pododinamica.es\/wp-content\/uploads\/2021\/03\/Plantilla-ortopedica-353x230-1-150x150.jpg\" alt=\"\" width=\"150\" height=\"150\" src=\"data:image\/svg+xml;base64,PHN2ZyB3aWR0aD0iMSIgaGVpZ2h0PSIxIiB4bWxucz0iaHR0cDovL3d3dy53My5vcmcvMjAwMC9zdmciPjwvc3ZnPg==\" style=\"--smush-placeholder-width: 150px; --smush-placeholder-aspect-ratio: 150\/150;\" \/>El\u00a0<strong>tratamiento<\/strong>\u00a0de las alteraciones relacionadas con la forma de pisar han de compensarse en la medida justa y apropiada en cada\u00a0<strong>pie<\/strong>\u00a0de forma\u00a0<strong><a class=\"fancybox\" href=\"https:\/\/pododinamica.es\/wp-content\/uploads\/2015\/04\/foto7plantillas.jpg\"><span style=\"color: #000000;\">personalizad<\/span>a<\/a><\/strong>\u00a0y a medida, ya que ni nuestros pies no son id\u00e9nticos, ni todos pisamos igual.<\/p><p><span style=\"color: #000000;\"><a class=\"fancybox\" style=\"color: #000000;\" href=\"https:\/\/pododinamica.es\/wp-content\/uploads\/2015\/04\/foto8pronacion.jpg\"><strong>\u00bfPRONACI\u00d3N O SUPINACI\u00d3N?<\/strong><\/a><\/span><\/p><p>Es importante determinar si nuestro pie est\u00e1 dentro de los\u00a0<strong>par\u00e1metros normales de pronaci\u00f3n\u00a0<\/strong>o si por el contrario supina o prona excesivamente para valorar si la pisada puede asociarse a procesos biomec\u00e1nicos patol\u00f3gicos.<\/p>\t\t\t\t\t\t\t\t<\/div>\n\t\t\t\t<\/div>\n\t\t\t\t\t<\/div>\n\t\t<\/div>\n\t\t\t\t\t<\/div>\n\t\t<\/section>\n\t\t\t\t<section class=\"elementor-section elementor-top-section elementor-element elementor-element-57f5c51 elementor-section-boxed elementor-section-height-default elementor-section-height-default\" data-id=\"57f5c51\" data-element_type=\"section\" data-e-type=\"section\">\n\t\t\t\t\t\t<div class=\"elementor-container elementor-column-gap-default\">\n\t\t\t\t\t<div class=\"elementor-column elementor-col-50 elementor-top-column elementor-element elementor-element-174c97b\" data-id=\"174c97b\" data-element_type=\"column\" data-e-type=\"column\">\n\t\t\t<div class=\"elementor-widget-wrap elementor-element-populated\">\n\t\t\t\t\t\t<div class=\"elementor-element elementor-element-525e01e elementor-widget elementor-widget-image\" data-id=\"525e01e\" data-element_type=\"widget\" data-e-type=\"widget\" data-widget_type=\"image.default\">\n\t\t\t\t<div class=\"elementor-widget-container\">\n\t\t\t\t\t\t\t\t\t\t\t\t\t\t\t<img decoding=\"async\" width=\"270\" height=\"270\" data-src=\"https:\/\/pododinamica.es\/wp-content\/uploads\/2021\/02\/cropped-pisada1-1.jpg\" class=\"attachment-large size-large wp-image-1359 lazyload\" alt=\"\" data-srcset=\"https:\/\/pododinamica.es\/wp-content\/uploads\/2021\/02\/cropped-pisada1-1.jpg 270w, https:\/\/pododinamica.es\/wp-content\/uploads\/2021\/02\/cropped-pisada1-1-150x150.jpg 150w, https:\/\/pododinamica.es\/wp-content\/uploads\/2021\/02\/cropped-pisada1-1-100x100.jpg 100w\" data-sizes=\"(max-width: 270px) 100vw, 270px\" src=\"data:image\/svg+xml;base64,PHN2ZyB3aWR0aD0iMSIgaGVpZ2h0PSIxIiB4bWxucz0iaHR0cDovL3d3dy53My5vcmcvMjAwMC9zdmciPjwvc3ZnPg==\" style=\"--smush-placeholder-width: 270px; --smush-placeholder-aspect-ratio: 270\/270;\" \/>\t\t\t\t\t\t\t\t\t\t\t\t\t\t\t<\/div>\n\t\t\t\t<\/div>\n\t\t\t\t\t<\/div>\n\t\t<\/div>\n\t\t\t\t<div class=\"elementor-column elementor-col-50 elementor-top-column elementor-element elementor-element-bed2ae7\" data-id=\"bed2ae7\" data-element_type=\"column\" data-e-type=\"column\">\n\t\t\t<div class=\"elementor-widget-wrap elementor-element-populated\">\n\t\t\t\t\t\t<div class=\"elementor-element elementor-element-6ffc1de elementor-widget elementor-widget-image\" data-id=\"6ffc1de\" data-element_type=\"widget\" data-e-type=\"widget\" data-widget_type=\"image.default\">\n\t\t\t\t<div class=\"elementor-widget-container\">\n\t\t\t\t\t\t\t\t\t\t\t\t\t\t\t<img decoding=\"async\" data-src=\"https:\/\/pododinamica.es\/wp-content\/uploads\/elementor\/thumbs\/exploracion-biomecanica-scaled-p3m7celku1jnqf00mqyb23hrwezz055md3ek913e0u.jpg\" title=\"exploraci\u00f3n biomec\u00e1nica\" alt=\"exploraci\u00f3n biomec\u00e1nica\" src=\"data:image\/svg+xml;base64,PHN2ZyB3aWR0aD0iMSIgaGVpZ2h0PSIxIiB4bWxucz0iaHR0cDovL3d3dy53My5vcmcvMjAwMC9zdmciPjwvc3ZnPg==\" class=\"lazyload\" style=\"--smush-placeholder-width: 400px; --smush-placeholder-aspect-ratio: 400\/275;\" \/>\t\t\t\t\t\t\t\t\t\t\t\t\t\t\t<\/div>\n\t\t\t\t<\/div>\n\t\t\t\t\t<\/div>\n\t\t<\/div>\n\t\t\t\t\t<\/div>\n\t\t<\/section>\n\t\t\t\t<section class=\"elementor-section elementor-top-section elementor-element elementor-element-d4c00b8 elementor-section-boxed elementor-section-height-default elementor-section-height-default\" data-id=\"d4c00b8\" data-element_type=\"section\" data-e-type=\"section\">\n\t\t\t\t\t\t<div class=\"elementor-container elementor-column-gap-default\">\n\t\t\t\t\t<div class=\"elementor-column elementor-col-100 elementor-top-column elementor-element elementor-element-f1b4277\" data-id=\"f1b4277\" data-element_type=\"column\" data-e-type=\"column\">\n\t\t\t<div class=\"elementor-widget-wrap elementor-element-populated\">\n\t\t\t\t\t\t<div class=\"elementor-element elementor-element-54b3bae elementor-shape-rounded elementor-grid-0 e-grid-align-center elementor-widget elementor-widget-social-icons\" data-id=\"54b3bae\" data-element_type=\"widget\" data-e-type=\"widget\" data-widget_type=\"social-icons.default\">\n\t\t\t\t<div class=\"elementor-widget-container\">\n\t\t\t\t\t\t\t<div class=\"elementor-social-icons-wrapper elementor-grid\" role=\"list\">\n\t\t\t\t\t\t\t<span class=\"elementor-grid-item\" role=\"listitem\">\n\t\t\t\t\t<a class=\"elementor-icon elementor-social-icon elementor-social-icon-facebook elementor-repeater-item-36aa132\" href=\"https:\/\/www.facebook.com\/pododinamica\" target=\"_blank\">\n\t\t\t\t\t\t<span class=\"elementor-screen-only\">Facebook<\/span>\n\t\t\t\t\t\t<i aria-hidden=\"true\" class=\"fab fa-facebook\"><\/i>\t\t\t\t\t<\/a>\n\t\t\t\t<\/span>\n\t\t\t\t\t\t\t<span class=\"elementor-grid-item\" role=\"listitem\">\n\t\t\t\t\t<a class=\"elementor-icon elementor-social-icon elementor-social-icon-twitter elementor-repeater-item-dd82b37\" href=\"https:\/\/twitter.com\/Pododinamicaweb\" target=\"_blank\">\n\t\t\t\t\t\t<span class=\"elementor-screen-only\">Twitter<\/span>\n\t\t\t\t\t\t<i aria-hidden=\"true\" class=\"fab fa-twitter\"><\/i>\t\t\t\t\t<\/a>\n\t\t\t\t<\/span>\n\t\t\t\t\t\t\t<span class=\"elementor-grid-item\" role=\"listitem\">\n\t\t\t\t\t<a class=\"elementor-icon elementor-social-icon elementor-social-icon-instagram elementor-repeater-item-89e6230\" href=\"https:\/\/www.instagram.com\/pododinamica\/?hl=es\" target=\"_blank\">\n\t\t\t\t\t\t<span class=\"elementor-screen-only\">Instagram<\/span>\n\t\t\t\t\t\t<i aria-hidden=\"true\" class=\"fab fa-instagram\"><\/i>\t\t\t\t\t<\/a>\n\t\t\t\t<\/span>\n\t\t\t\t\t<\/div>\n\t\t\t\t\t\t<\/div>\n\t\t\t\t<\/div>\n\t\t\t\t\t<\/div>\n\t\t<\/div>\n\t\t\t\t\t<\/div>\n\t\t<\/section>\n\t\t\t\t<section class=\"elementor-section elementor-top-section elementor-element elementor-element-09429a2 elementor-section-boxed elementor-section-height-default elementor-section-height-default\" data-id=\"09429a2\" data-element_type=\"section\" data-e-type=\"section\">\n\t\t\t\t\t\t<div class=\"elementor-container elementor-column-gap-default\">\n\t\t\t\t\t<div class=\"elementor-column elementor-col-100 elementor-top-column elementor-element elementor-element-346c52e\" data-id=\"346c52e\" data-element_type=\"column\" data-e-type=\"column\">\n\t\t\t<div class=\"elementor-widget-wrap elementor-element-populated\">\n\t\t\t\t\t\t<div class=\"elementor-element elementor-element-3f14e00 elementor-widget elementor-widget-image\" data-id=\"3f14e00\" data-element_type=\"widget\" data-e-type=\"widget\" data-widget_type=\"image.default\">\n\t\t\t\t<div class=\"elementor-widget-container\">\n\t\t\t\t\t\t\t\t\t\t\t\t\t\t\t<img decoding=\"async\" width=\"1201\" height=\"52\" data-src=\"https:\/\/pododinamica.es\/wp-content\/uploads\/2021\/03\/pie.png\" class=\"attachment-full size-full wp-image-2606 lazyload\" alt=\"\" data-srcset=\"https:\/\/pododinamica.es\/wp-content\/uploads\/2021\/03\/pie.png 1201w, https:\/\/pododinamica.es\/wp-content\/uploads\/2021\/03\/pie-300x13.png 300w, https:\/\/pododinamica.es\/wp-content\/uploads\/2021\/03\/pie-1024x44.png 1024w, https:\/\/pododinamica.es\/wp-content\/uploads\/2021\/03\/pie-768x33.png 768w, https:\/\/pododinamica.es\/wp-content\/uploads\/2021\/03\/pie-600x26.png 600w\" data-sizes=\"(max-width: 1201px) 100vw, 1201px\" src=\"data:image\/svg+xml;base64,PHN2ZyB3aWR0aD0iMSIgaGVpZ2h0PSIxIiB4bWxucz0iaHR0cDovL3d3dy53My5vcmcvMjAwMC9zdmciPjwvc3ZnPg==\" style=\"--smush-placeholder-width: 1201px; --smush-placeholder-aspect-ratio: 1201\/52;\" \/>\t\t\t\t\t\t\t\t\t\t\t\t\t\t\t<\/div>\n\t\t\t\t<\/div>\n\t\t\t\t\t<\/div>\n\t\t<\/div>\n\t\t\t\t\t<\/div>\n\t\t<\/section>\n\t\t\t\t<\/div>\n\t\t","protected":false},"excerpt":{"rendered":"<p>EXPLORACI\u00d3N BIOMEC\u00c1NICA La exploraci\u00f3n biomec\u00e1nica que realizamos en PODODIN\u00c1MICA \u00ae se basa en el estudio est\u00e1tico y din\u00e1mico de la pisada y del movimiento. En un primer reconocimiento exploratorio, analizamos la amplitud articular y el balance muscular de los miembros inferiores en camilla. Despu\u00e9s, se analizan los ejes biomec\u00e1nicos de orientaci\u00f3n de piernas y pies [&hellip;]<\/p>\n","protected":false},"author":1,"featured_media":0,"parent":0,"menu_order":0,"comment_status":"closed","ping_status":"closed","template":"","meta":{"pagelayer_contact_templates":[],"_pagelayer_content":"","footnotes":""},"class_list":["post-1477","page","type-page","status-publish","hentry"],"_links":{"self":[{"href":"https:\/\/pododinamica.es\/index.php?rest_route=\/wp\/v2\/pages\/1477","targetHints":{"allow":["GET"]}}],"collection":[{"href":"https:\/\/pododinamica.es\/index.php?rest_route=\/wp\/v2\/pages"}],"about":[{"href":"https:\/\/pododinamica.es\/index.php?rest_route=\/wp\/v2\/types\/page"}],"author":[{"embeddable":true,"href":"https:\/\/pododinamica.es\/index.php?rest_route=\/wp\/v2\/users\/1"}],"replies":[{"embeddable":true,"href":"https:\/\/pododinamica.es\/index.php?rest_route=%2Fwp%2Fv2%2Fcomments&post=1477"}],"version-history":[{"count":0,"href":"https:\/\/pododinamica.es\/index.php?rest_route=\/wp\/v2\/pages\/1477\/revisions"}],"wp:attachment":[{"href":"https:\/\/pododinamica.es\/index.php?rest_route=%2Fwp%2Fv2%2Fmedia&parent=1477"}],"curies":[{"name":"wp","href":"https:\/\/api.w.org\/{rel}","templated":true}]}}