{"id":161,"date":"2021-02-19T19:12:25","date_gmt":"2021-02-19T19:12:25","guid":{"rendered":"https:\/\/pododinamica.es\/?page_id=161"},"modified":"2021-03-14T10:20:19","modified_gmt":"2021-03-14T10:20:19","slug":"unidad-de-pie-diabetico-anciano","status":"publish","type":"page","link":"https:\/\/pododinamica.es\/?page_id=161","title":{"rendered":"Unidad de Pie Diab\u00e9tico\/Anciano"},"content":{"rendered":"\t\t<div data-elementor-type=\"wp-page\" data-elementor-id=\"161\" class=\"elementor elementor-161\">\n\t\t\t\t\t\t<section class=\"elementor-section elementor-top-section elementor-element elementor-element-359a7b7 elementor-section-boxed elementor-section-height-default elementor-section-height-default\" data-id=\"359a7b7\" data-element_type=\"section\" data-e-type=\"section\">\n\t\t\t\t\t\t<div class=\"elementor-container elementor-column-gap-default\">\n\t\t\t\t\t<div class=\"elementor-column elementor-col-100 elementor-top-column elementor-element elementor-element-a1c054a\" data-id=\"a1c054a\" data-element_type=\"column\" data-e-type=\"column\">\n\t\t\t<div class=\"elementor-widget-wrap elementor-element-populated\">\n\t\t\t\t\t\t<div class=\"elementor-element elementor-element-9369000 elementor-widget__width-initial elementor-absolute elementor-widget elementor-widget-heading\" data-id=\"9369000\" data-element_type=\"widget\" data-e-type=\"widget\" data-settings=\"{&quot;_position&quot;:&quot;absolute&quot;}\" data-widget_type=\"heading.default\">\n\t\t\t\t<div class=\"elementor-widget-container\">\n\t\t\t\t\t<h3 class=\"elementor-heading-title elementor-size-large\">UNIDAD DE PIE DIAB\u00c9TICO\/ANCIANO<\/h3>\t\t\t\t<\/div>\n\t\t\t\t<\/div>\n\t\t\t\t\t<\/div>\n\t\t<\/div>\n\t\t\t\t\t<\/div>\n\t\t<\/section>\n\t\t\t\t<section class=\"elementor-section elementor-top-section elementor-element elementor-element-53f4a62 elementor-section-boxed elementor-section-height-default elementor-section-height-default\" data-id=\"53f4a62\" data-element_type=\"section\" data-e-type=\"section\">\n\t\t\t\t\t\t<div class=\"elementor-container elementor-column-gap-default\">\n\t\t\t\t\t<div class=\"elementor-column elementor-col-100 elementor-top-column elementor-element elementor-element-35b5d30\" data-id=\"35b5d30\" data-element_type=\"column\" data-e-type=\"column\">\n\t\t\t<div class=\"elementor-widget-wrap elementor-element-populated\">\n\t\t\t\t\t\t<div class=\"elementor-element elementor-element-75e2a82 elementor-widget elementor-widget-text-editor\" data-id=\"75e2a82\" data-element_type=\"widget\" data-e-type=\"widget\" data-widget_type=\"text-editor.default\">\n\t\t\t\t<div class=\"elementor-widget-container\">\n\t\t\t\t\t\t\t\t\t<p>La prevenci\u00f3n y la atenci\u00f3n primaria del pie diab\u00e9tico es b\u00e1sica para poder evitar complicaciones m\u00e1s graves en el pie de los pacientes diab\u00e9ticos.<\/p><p>Ofrecemos reconocimientos pormenorizados de los pies de los pacientes de riesgo<\/p><ul><li>Evaluaci\u00f3n del estado de sensibilidad, propiocepci\u00f3n y equilibrio<\/li><li>Estudio de las regiones anat\u00f3micas m\u00e1s comprometidas del pie, precursoras de \u00falceras<\/li><li>Tratamiento y protecci\u00f3n preventiva de las lesiones causantes de dolor mediante fieltros y descargas de \u00faltima generaci\u00f3n.<\/li><\/ul>\t\t\t\t\t\t\t\t<\/div>\n\t\t\t\t<\/div>\n\t\t\t\t\t<\/div>\n\t\t<\/div>\n\t\t\t\t\t<\/div>\n\t\t<\/section>\n\t\t\t\t<section class=\"elementor-section elementor-top-section elementor-element elementor-element-05dbb08 elementor-section-boxed elementor-section-height-default elementor-section-height-default\" data-id=\"05dbb08\" data-element_type=\"section\" data-e-type=\"section\">\n\t\t\t\t\t\t<div class=\"elementor-container elementor-column-gap-default\">\n\t\t\t\t\t<div class=\"elementor-column elementor-col-100 elementor-top-column elementor-element elementor-element-cc32ff7\" data-id=\"cc32ff7\" data-element_type=\"column\" data-e-type=\"column\">\n\t\t\t<div class=\"elementor-widget-wrap elementor-element-populated\">\n\t\t\t\t\t\t<div class=\"elementor-element elementor-element-1c9d0da elementor-widget elementor-widget-image\" data-id=\"1c9d0da\" data-element_type=\"widget\" data-e-type=\"widget\" data-widget_type=\"image.default\">\n\t\t\t\t<div class=\"elementor-widget-container\">\n\t\t\t\t\t\t\t\t\t\t\t\t\t\t\t<img fetchpriority=\"high\" decoding=\"async\" width=\"300\" height=\"300\" src=\"https:\/\/pododinamica.es\/wp-content\/uploads\/2021\/02\/cropped-rx300x400.jpg\" class=\"attachment-large size-large wp-image-1343\" alt=\"\" srcset=\"https:\/\/pododinamica.es\/wp-content\/uploads\/2021\/02\/cropped-rx300x400.jpg 300w, https:\/\/pododinamica.es\/wp-content\/uploads\/2021\/02\/cropped-rx300x400-150x150.jpg 150w, https:\/\/pododinamica.es\/wp-content\/uploads\/2021\/02\/cropped-rx300x400-100x100.jpg 100w\" sizes=\"(max-width: 300px) 100vw, 300px\" \/>\t\t\t\t\t\t\t\t\t\t\t\t\t\t\t<\/div>\n\t\t\t\t<\/div>\n\t\t\t\t\t<\/div>\n\t\t<\/div>\n\t\t\t\t\t<\/div>\n\t\t<\/section>\n\t\t\t\t<section class=\"elementor-section elementor-top-section elementor-element elementor-element-dd81a87 elementor-section-boxed elementor-section-height-default elementor-section-height-default\" data-id=\"dd81a87\" data-element_type=\"section\" data-e-type=\"section\">\n\t\t\t\t\t\t<div class=\"elementor-container elementor-column-gap-default\">\n\t\t\t\t\t<div class=\"elementor-column elementor-col-100 elementor-top-column elementor-element elementor-element-e94ac6d\" data-id=\"e94ac6d\" data-element_type=\"column\" data-e-type=\"column\">\n\t\t\t<div class=\"elementor-widget-wrap elementor-element-populated\">\n\t\t\t\t\t\t<div class=\"elementor-element elementor-element-3605387 elementor-shape-rounded elementor-grid-0 e-grid-align-center elementor-widget elementor-widget-social-icons\" data-id=\"3605387\" data-element_type=\"widget\" data-e-type=\"widget\" data-widget_type=\"social-icons.default\">\n\t\t\t\t<div class=\"elementor-widget-container\">\n\t\t\t\t\t\t\t<div class=\"elementor-social-icons-wrapper elementor-grid\" role=\"list\">\n\t\t\t\t\t\t\t<span class=\"elementor-grid-item\" role=\"listitem\">\n\t\t\t\t\t<a class=\"elementor-icon elementor-social-icon elementor-social-icon-facebook elementor-repeater-item-2dd7e3f\" href=\"https:\/\/www.facebook.com\/pododinamica\" target=\"_blank\">\n\t\t\t\t\t\t<span class=\"elementor-screen-only\">Facebook<\/span>\n\t\t\t\t\t\t<i aria-hidden=\"true\" class=\"fab fa-facebook\"><\/i>\t\t\t\t\t<\/a>\n\t\t\t\t<\/span>\n\t\t\t\t\t\t\t<span class=\"elementor-grid-item\" role=\"listitem\">\n\t\t\t\t\t<a class=\"elementor-icon elementor-social-icon elementor-social-icon-twitter elementor-repeater-item-98e70f0\" href=\"https:\/\/twitter.com\/Pododinamicaweb\" target=\"_blank\">\n\t\t\t\t\t\t<span class=\"elementor-screen-only\">Twitter<\/span>\n\t\t\t\t\t\t<i aria-hidden=\"true\" class=\"fab fa-twitter\"><\/i>\t\t\t\t\t<\/a>\n\t\t\t\t<\/span>\n\t\t\t\t\t\t\t<span class=\"elementor-grid-item\" role=\"listitem\">\n\t\t\t\t\t<a class=\"elementor-icon elementor-social-icon elementor-social-icon-instagram elementor-repeater-item-c3c070e\" href=\"https:\/\/www.instagram.com\/pododinamica\/?hl=es\" target=\"_blank\">\n\t\t\t\t\t\t<span class=\"elementor-screen-only\">Instagram<\/span>\n\t\t\t\t\t\t<i aria-hidden=\"true\" class=\"fab fa-instagram\"><\/i>\t\t\t\t\t<\/a>\n\t\t\t\t<\/span>\n\t\t\t\t\t<\/div>\n\t\t\t\t\t\t<\/div>\n\t\t\t\t<\/div>\n\t\t\t\t\t<\/div>\n\t\t<\/div>\n\t\t\t\t\t<\/div>\n\t\t<\/section>\n\t\t\t\t<section class=\"elementor-section elementor-top-section elementor-element elementor-element-3006e00 elementor-section-boxed elementor-section-height-default elementor-section-height-default\" data-id=\"3006e00\" data-element_type=\"section\" data-e-type=\"section\">\n\t\t\t\t\t\t<div class=\"elementor-container elementor-column-gap-default\">\n\t\t\t\t\t<div class=\"elementor-column elementor-col-100 elementor-top-column elementor-element elementor-element-afde26d\" data-id=\"afde26d\" data-element_type=\"column\" data-e-type=\"column\">\n\t\t\t<div class=\"elementor-widget-wrap elementor-element-populated\">\n\t\t\t\t\t\t<div class=\"elementor-element elementor-element-b3ac8e5 elementor-widget elementor-widget-image\" data-id=\"b3ac8e5\" data-element_type=\"widget\" data-e-type=\"widget\" data-widget_type=\"image.default\">\n\t\t\t\t<div class=\"elementor-widget-container\">\n\t\t\t\t\t\t\t\t\t\t\t\t\t\t\t<img decoding=\"async\" width=\"1201\" height=\"52\" data-src=\"https:\/\/pododinamica.es\/wp-content\/uploads\/2021\/03\/pie.png\" class=\"attachment-full size-full wp-image-2606 lazyload\" alt=\"\" data-srcset=\"https:\/\/pododinamica.es\/wp-content\/uploads\/2021\/03\/pie.png 1201w, https:\/\/pododinamica.es\/wp-content\/uploads\/2021\/03\/pie-300x13.png 300w, https:\/\/pododinamica.es\/wp-content\/uploads\/2021\/03\/pie-1024x44.png 1024w, https:\/\/pododinamica.es\/wp-content\/uploads\/2021\/03\/pie-768x33.png 768w, https:\/\/pododinamica.es\/wp-content\/uploads\/2021\/03\/pie-600x26.png 600w\" data-sizes=\"(max-width: 1201px) 100vw, 1201px\" src=\"data:image\/svg+xml;base64,PHN2ZyB3aWR0aD0iMSIgaGVpZ2h0PSIxIiB4bWxucz0iaHR0cDovL3d3dy53My5vcmcvMjAwMC9zdmciPjwvc3ZnPg==\" style=\"--smush-placeholder-width: 1201px; --smush-placeholder-aspect-ratio: 1201\/52;\" \/>\t\t\t\t\t\t\t\t\t\t\t\t\t\t\t<\/div>\n\t\t\t\t<\/div>\n\t\t\t\t\t<\/div>\n\t\t<\/div>\n\t\t\t\t\t<\/div>\n\t\t<\/section>\n\t\t\t\t<\/div>\n\t\t","protected":false},"excerpt":{"rendered":"<p>UNIDAD DE PIE DIAB\u00c9TICO\/ANCIANO La prevenci\u00f3n y la atenci\u00f3n primaria del pie diab\u00e9tico es b\u00e1sica para poder evitar complicaciones m\u00e1s graves en el pie de los pacientes diab\u00e9ticos. Ofrecemos reconocimientos pormenorizados de los pies de los pacientes de riesgo Evaluaci\u00f3n del estado de sensibilidad, propiocepci\u00f3n y equilibrio Estudio de las regiones anat\u00f3micas m\u00e1s comprometidas del [&hellip;]<\/p>\n","protected":false},"author":1,"featured_media":0,"parent":0,"menu_order":0,"comment_status":"closed","ping_status":"closed","template":"","meta":{"pagelayer_contact_templates":[],"_pagelayer_content":"","footnotes":""},"class_list":["post-161","page","type-page","status-publish","hentry"],"_links":{"self":[{"href":"https:\/\/pododinamica.es\/index.php?rest_route=\/wp\/v2\/pages\/161","targetHints":{"allow":["GET"]}}],"collection":[{"href":"https:\/\/pododinamica.es\/index.php?rest_route=\/wp\/v2\/pages"}],"about":[{"href":"https:\/\/pododinamica.es\/index.php?rest_route=\/wp\/v2\/types\/page"}],"author":[{"embeddable":true,"href":"https:\/\/pododinamica.es\/index.php?rest_route=\/wp\/v2\/users\/1"}],"replies":[{"embeddable":true,"href":"https:\/\/pododinamica.es\/index.php?rest_route=%2Fwp%2Fv2%2Fcomments&post=161"}],"version-history":[{"count":0,"href":"https:\/\/pododinamica.es\/index.php?rest_route=\/wp\/v2\/pages\/161\/revisions"}],"wp:attachment":[{"href":"https:\/\/pododinamica.es\/index.php?rest_route=%2Fwp%2Fv2%2Fmedia&parent=161"}],"curies":[{"name":"wp","href":"https:\/\/api.w.org\/{rel}","templated":true}]}}