{"id":1836,"date":"2021-02-28T09:50:46","date_gmt":"2021-02-28T09:50:46","guid":{"rendered":"https:\/\/pododinamica.es\/?page_id=1836"},"modified":"2021-03-14T10:09:16","modified_gmt":"2021-03-14T10:09:16","slug":"asesoramiento-de-calzado-deportivo","status":"publish","type":"page","link":"https:\/\/pododinamica.es\/?page_id=1836","title":{"rendered":"ASESORAMIENTO DE CALZADO DEPORTIVO"},"content":{"rendered":"\t\t<div data-elementor-type=\"wp-page\" data-elementor-id=\"1836\" class=\"elementor elementor-1836\">\n\t\t\t\t\t\t<section class=\"elementor-section elementor-top-section elementor-element elementor-element-197f54c elementor-section-boxed elementor-section-height-default elementor-section-height-default\" data-id=\"197f54c\" data-element_type=\"section\" data-e-type=\"section\">\n\t\t\t\t\t\t<div class=\"elementor-container elementor-column-gap-default\">\n\t\t\t\t\t<div class=\"elementor-column elementor-col-100 elementor-top-column elementor-element elementor-element-b2eb855\" data-id=\"b2eb855\" data-element_type=\"column\" data-e-type=\"column\">\n\t\t\t<div class=\"elementor-widget-wrap elementor-element-populated\">\n\t\t\t\t\t\t<div class=\"elementor-element elementor-element-633cef9 elementor-widget elementor-widget-heading\" data-id=\"633cef9\" data-element_type=\"widget\" data-e-type=\"widget\" data-widget_type=\"heading.default\">\n\t\t\t\t<div class=\"elementor-widget-container\">\n\t\t\t\t\t<h3 class=\"elementor-heading-title elementor-size-large\">ASESORAMIENTO DE CALZADO DEPORTIVO<\/h3>\t\t\t\t<\/div>\n\t\t\t\t<\/div>\n\t\t\t\t\t<\/div>\n\t\t<\/div>\n\t\t\t\t\t<\/div>\n\t\t<\/section>\n\t\t\t\t<section class=\"elementor-section elementor-top-section elementor-element elementor-element-efc1aa7 elementor-section-boxed elementor-section-height-default elementor-section-height-default\" data-id=\"efc1aa7\" data-element_type=\"section\" data-e-type=\"section\">\n\t\t\t\t\t\t<div class=\"elementor-container elementor-column-gap-default\">\n\t\t\t\t\t<div class=\"elementor-column elementor-col-100 elementor-top-column elementor-element elementor-element-2b1edf4\" data-id=\"2b1edf4\" data-element_type=\"column\" data-e-type=\"column\">\n\t\t\t<div class=\"elementor-widget-wrap elementor-element-populated\">\n\t\t\t\t\t\t<div class=\"elementor-element elementor-element-1fd9adb elementor-widget elementor-widget-text-editor\" data-id=\"1fd9adb\" data-element_type=\"widget\" data-e-type=\"widget\" data-widget_type=\"text-editor.default\">\n\t\t\t\t<div class=\"elementor-widget-container\">\n\t\t\t\t\t\t\t\t\t<p>Zapatilla deportiva:&nbsp;no todos los pies de los deportistas pronadores pronan igual. Ni todas las zapatillas antipronaci\u00f3n controlan la pronaci\u00f3n de igual manera. Asi mismo, no todas las zapatillas neutras tienen las mismas condiciones de grosor, amortiguaci\u00f3n o estabilidad. Es por ello que desde Pododin\u00e1mica queremos asesorar a nuestros pacientes sobre aquellas zapatillas deportivas que m\u00e1s se ajusten a su tipo de biomec\u00e1nica y recomendar as\u00ed en concordancia la que mejor se adapte a sus requerimientos f\u00edsicos .<br><\/p>\t\t\t\t\t\t\t\t<\/div>\n\t\t\t\t<\/div>\n\t\t\t\t\t<\/div>\n\t\t<\/div>\n\t\t\t\t\t<\/div>\n\t\t<\/section>\n\t\t\t\t<section class=\"elementor-section elementor-top-section elementor-element elementor-element-d496c51 elementor-section-boxed elementor-section-height-default elementor-section-height-default\" data-id=\"d496c51\" data-element_type=\"section\" data-e-type=\"section\">\n\t\t\t\t\t\t<div class=\"elementor-container elementor-column-gap-default\">\n\t\t\t\t\t<div class=\"elementor-column elementor-col-100 elementor-top-column elementor-element elementor-element-a94d901\" data-id=\"a94d901\" data-element_type=\"column\" data-e-type=\"column\">\n\t\t\t<div class=\"elementor-widget-wrap elementor-element-populated\">\n\t\t\t\t\t\t<div class=\"elementor-element elementor-element-c891596 elementor-widget elementor-widget-image\" data-id=\"c891596\" data-element_type=\"widget\" data-e-type=\"widget\" data-widget_type=\"image.default\">\n\t\t\t\t<div class=\"elementor-widget-container\">\n\t\t\t\t\t\t\t\t\t\t\t\t\t\t\t<img fetchpriority=\"high\" decoding=\"async\" width=\"270\" height=\"239\" src=\"https:\/\/pododinamica.es\/wp-content\/uploads\/2021\/02\/zapatilla-esqueleto.jpg\" class=\"attachment-large size-large wp-image-1855\" alt=\"\" \/>\t\t\t\t\t\t\t\t\t\t\t\t\t\t\t<\/div>\n\t\t\t\t<\/div>\n\t\t\t\t\t<\/div>\n\t\t<\/div>\n\t\t\t\t\t<\/div>\n\t\t<\/section>\n\t\t\t\t<section class=\"elementor-section elementor-top-section elementor-element elementor-element-d5ad9ba elementor-section-boxed elementor-section-height-default elementor-section-height-default\" data-id=\"d5ad9ba\" data-element_type=\"section\" data-e-type=\"section\">\n\t\t\t\t\t\t<div class=\"elementor-container elementor-column-gap-default\">\n\t\t\t\t\t<div class=\"elementor-column elementor-col-100 elementor-top-column elementor-element elementor-element-0aaa32c\" data-id=\"0aaa32c\" data-element_type=\"column\" data-e-type=\"column\">\n\t\t\t<div class=\"elementor-widget-wrap elementor-element-populated\">\n\t\t\t\t\t\t<div class=\"elementor-element elementor-element-c6e63c3 elementor-shape-rounded elementor-grid-0 e-grid-align-center elementor-widget elementor-widget-social-icons\" data-id=\"c6e63c3\" data-element_type=\"widget\" data-e-type=\"widget\" data-widget_type=\"social-icons.default\">\n\t\t\t\t<div class=\"elementor-widget-container\">\n\t\t\t\t\t\t\t<div class=\"elementor-social-icons-wrapper elementor-grid\" role=\"list\">\n\t\t\t\t\t\t\t<span class=\"elementor-grid-item\" role=\"listitem\">\n\t\t\t\t\t<a class=\"elementor-icon elementor-social-icon elementor-social-icon-facebook elementor-repeater-item-c0b4f01\" href=\"https:\/\/www.facebook.com\/pododinamica\" target=\"_blank\">\n\t\t\t\t\t\t<span class=\"elementor-screen-only\">Facebook<\/span>\n\t\t\t\t\t\t<i aria-hidden=\"true\" class=\"fab fa-facebook\"><\/i>\t\t\t\t\t<\/a>\n\t\t\t\t<\/span>\n\t\t\t\t\t\t\t<span class=\"elementor-grid-item\" role=\"listitem\">\n\t\t\t\t\t<a class=\"elementor-icon elementor-social-icon elementor-social-icon-twitter elementor-repeater-item-e785ffc\" href=\"https:\/\/twitter.com\/Pododinamicaweb\" target=\"_blank\">\n\t\t\t\t\t\t<span class=\"elementor-screen-only\">Twitter<\/span>\n\t\t\t\t\t\t<i aria-hidden=\"true\" class=\"fab fa-twitter\"><\/i>\t\t\t\t\t<\/a>\n\t\t\t\t<\/span>\n\t\t\t\t\t\t\t<span class=\"elementor-grid-item\" role=\"listitem\">\n\t\t\t\t\t<a class=\"elementor-icon elementor-social-icon elementor-social-icon-instagram elementor-repeater-item-66afc39\" href=\"https:\/\/www.instagram.com\/pododinamica\/?hl=es\" target=\"_blank\">\n\t\t\t\t\t\t<span class=\"elementor-screen-only\">Instagram<\/span>\n\t\t\t\t\t\t<i aria-hidden=\"true\" class=\"fab fa-instagram\"><\/i>\t\t\t\t\t<\/a>\n\t\t\t\t<\/span>\n\t\t\t\t\t<\/div>\n\t\t\t\t\t\t<\/div>\n\t\t\t\t<\/div>\n\t\t\t\t\t<\/div>\n\t\t<\/div>\n\t\t\t\t\t<\/div>\n\t\t<\/section>\n\t\t\t\t<section class=\"elementor-section elementor-top-section elementor-element elementor-element-6587cf7 elementor-section-boxed elementor-section-height-default elementor-section-height-default\" data-id=\"6587cf7\" data-element_type=\"section\" data-e-type=\"section\">\n\t\t\t\t\t\t<div class=\"elementor-container elementor-column-gap-default\">\n\t\t\t\t\t<div class=\"elementor-column elementor-col-100 elementor-top-column elementor-element elementor-element-e9ed10a\" data-id=\"e9ed10a\" data-element_type=\"column\" data-e-type=\"column\">\n\t\t\t<div class=\"elementor-widget-wrap elementor-element-populated\">\n\t\t\t\t\t\t<div class=\"elementor-element elementor-element-2e69781 elementor-widget elementor-widget-image\" data-id=\"2e69781\" data-element_type=\"widget\" data-e-type=\"widget\" data-widget_type=\"image.default\">\n\t\t\t\t<div class=\"elementor-widget-container\">\n\t\t\t\t\t\t\t\t\t\t\t\t\t\t\t<img decoding=\"async\" width=\"1201\" height=\"52\" data-src=\"https:\/\/pododinamica.es\/wp-content\/uploads\/2021\/03\/pie.png\" class=\"attachment-full size-full wp-image-2606 lazyload\" alt=\"\" data-srcset=\"https:\/\/pododinamica.es\/wp-content\/uploads\/2021\/03\/pie.png 1201w, https:\/\/pododinamica.es\/wp-content\/uploads\/2021\/03\/pie-300x13.png 300w, https:\/\/pododinamica.es\/wp-content\/uploads\/2021\/03\/pie-1024x44.png 1024w, https:\/\/pododinamica.es\/wp-content\/uploads\/2021\/03\/pie-768x33.png 768w, https:\/\/pododinamica.es\/wp-content\/uploads\/2021\/03\/pie-600x26.png 600w\" data-sizes=\"(max-width: 1201px) 100vw, 1201px\" src=\"data:image\/svg+xml;base64,PHN2ZyB3aWR0aD0iMSIgaGVpZ2h0PSIxIiB4bWxucz0iaHR0cDovL3d3dy53My5vcmcvMjAwMC9zdmciPjwvc3ZnPg==\" style=\"--smush-placeholder-width: 1201px; --smush-placeholder-aspect-ratio: 1201\/52;\" \/>\t\t\t\t\t\t\t\t\t\t\t\t\t\t\t<\/div>\n\t\t\t\t<\/div>\n\t\t\t\t\t<\/div>\n\t\t<\/div>\n\t\t\t\t\t<\/div>\n\t\t<\/section>\n\t\t\t\t<\/div>\n\t\t","protected":false},"excerpt":{"rendered":"<p>ASESORAMIENTO DE CALZADO DEPORTIVO Zapatilla deportiva:&nbsp;no todos los pies de los deportistas pronadores pronan igual. Ni todas las zapatillas antipronaci\u00f3n controlan la pronaci\u00f3n de igual manera. Asi mismo, no todas las zapatillas neutras tienen las mismas condiciones de grosor, amortiguaci\u00f3n o estabilidad. Es por ello que desde Pododin\u00e1mica queremos asesorar a nuestros pacientes sobre aquellas [&hellip;]<\/p>\n","protected":false},"author":1,"featured_media":0,"parent":0,"menu_order":0,"comment_status":"closed","ping_status":"closed","template":"page-templates\/full-width-page.php","meta":{"pagelayer_contact_templates":[],"_pagelayer_content":"","footnotes":""},"class_list":["post-1836","page","type-page","status-publish","hentry"],"_links":{"self":[{"href":"https:\/\/pododinamica.es\/index.php?rest_route=\/wp\/v2\/pages\/1836","targetHints":{"allow":["GET"]}}],"collection":[{"href":"https:\/\/pododinamica.es\/index.php?rest_route=\/wp\/v2\/pages"}],"about":[{"href":"https:\/\/pododinamica.es\/index.php?rest_route=\/wp\/v2\/types\/page"}],"author":[{"embeddable":true,"href":"https:\/\/pododinamica.es\/index.php?rest_route=\/wp\/v2\/users\/1"}],"replies":[{"embeddable":true,"href":"https:\/\/pododinamica.es\/index.php?rest_route=%2Fwp%2Fv2%2Fcomments&post=1836"}],"version-history":[{"count":20,"href":"https:\/\/pododinamica.es\/index.php?rest_route=\/wp\/v2\/pages\/1836\/revisions"}],"predecessor-version":[{"id":4086,"href":"https:\/\/pododinamica.es\/index.php?rest_route=\/wp\/v2\/pages\/1836\/revisions\/4086"}],"wp:attachment":[{"href":"https:\/\/pododinamica.es\/index.php?rest_route=%2Fwp%2Fv2%2Fmedia&parent=1836"}],"curies":[{"name":"wp","href":"https:\/\/api.w.org\/{rel}","templated":true}]}}