{"id":746,"date":"2021-02-21T09:01:52","date_gmt":"2021-02-21T09:01:52","guid":{"rendered":"https:\/\/pododinamica.es\/?page_id=746"},"modified":"2021-03-14T10:14:30","modified_gmt":"2021-03-14T10:14:30","slug":"hipopresivos","status":"publish","type":"page","link":"https:\/\/pododinamica.es\/?page_id=746","title":{"rendered":"Hipopresivos"},"content":{"rendered":"\t\t<div data-elementor-type=\"wp-page\" data-elementor-id=\"746\" class=\"elementor elementor-746\">\n\t\t\t\t\t\t<section class=\"elementor-section elementor-top-section elementor-element elementor-element-6070c4d elementor-section-boxed elementor-section-height-default elementor-section-height-default\" data-id=\"6070c4d\" data-element_type=\"section\" data-e-type=\"section\">\n\t\t\t\t\t\t<div class=\"elementor-container elementor-column-gap-default\">\n\t\t\t\t\t<div class=\"elementor-column elementor-col-100 elementor-top-column elementor-element elementor-element-e6491ab\" data-id=\"e6491ab\" data-element_type=\"column\" data-e-type=\"column\">\n\t\t\t<div class=\"elementor-widget-wrap elementor-element-populated\">\n\t\t\t\t\t\t<div class=\"elementor-element elementor-element-910a8c2 elementor-widget__width-initial elementor-absolute elementor-widget elementor-widget-heading\" data-id=\"910a8c2\" data-element_type=\"widget\" data-e-type=\"widget\" data-settings=\"{&quot;_position&quot;:&quot;absolute&quot;}\" data-widget_type=\"heading.default\">\n\t\t\t\t<div class=\"elementor-widget-container\">\n\t\t\t\t\t<h3 class=\"elementor-heading-title elementor-size-large\">HIPOPRESIVOS<\/h3>\t\t\t\t<\/div>\n\t\t\t\t<\/div>\n\t\t\t\t\t<\/div>\n\t\t<\/div>\n\t\t\t\t\t<\/div>\n\t\t<\/section>\n\t\t\t\t<section class=\"elementor-section elementor-top-section elementor-element elementor-element-2be0a7f elementor-section-boxed elementor-section-height-default elementor-section-height-default\" data-id=\"2be0a7f\" data-element_type=\"section\" data-e-type=\"section\">\n\t\t\t\t\t\t<div class=\"elementor-container elementor-column-gap-default\">\n\t\t\t\t\t<div class=\"elementor-column elementor-col-100 elementor-top-column elementor-element elementor-element-971f71b\" data-id=\"971f71b\" data-element_type=\"column\" data-e-type=\"column\">\n\t\t\t<div class=\"elementor-widget-wrap elementor-element-populated\">\n\t\t\t\t\t\t<div class=\"elementor-element elementor-element-4e3ba3e elementor-widget elementor-widget-text-editor\" data-id=\"4e3ba3e\" data-element_type=\"widget\" data-e-type=\"widget\" data-widget_type=\"text-editor.default\">\n\t\t\t\t<div class=\"elementor-widget-container\">\n\t\t\t\t\t\t\t\t\t<p>Numerosas lumbalgias y sobrecargas de la regi\u00f3n baja de la espalda, son consecuencia de una hipoton\u00eda abdominal. As\u00ed mismo, dolores y patolog\u00edas recurrentes de pubis, t\u00edpicas en deportistas que ejercitan mucho las piernas (corredores, futbolistas, tenistas\u2026), son debidas a una deficiencia en el equilibrio lumbosacro por baja tonicidad abdominal.<\/p><p>Los profesionales que forman el equipo multidisciplinar de Pododin\u00e1mica son capaces de evaluar y tratar este tipo de problemas de la forma m\u00e1s adecuada a la vida deportiva y social de los pacientes.<\/p>\t\t\t\t\t\t\t\t<\/div>\n\t\t\t\t<\/div>\n\t\t\t\t\t<\/div>\n\t\t<\/div>\n\t\t\t\t\t<\/div>\n\t\t<\/section>\n\t\t\t\t<section class=\"elementor-section elementor-top-section elementor-element elementor-element-19c0d98 elementor-section-boxed elementor-section-height-default elementor-section-height-default\" data-id=\"19c0d98\" data-element_type=\"section\" data-e-type=\"section\">\n\t\t\t\t\t\t<div class=\"elementor-container elementor-column-gap-default\">\n\t\t\t\t\t<div class=\"elementor-column elementor-col-100 elementor-top-column elementor-element elementor-element-a6f9e1e\" data-id=\"a6f9e1e\" data-element_type=\"column\" data-e-type=\"column\">\n\t\t\t<div class=\"elementor-widget-wrap elementor-element-populated\">\n\t\t\t\t\t\t<div class=\"elementor-element elementor-element-0627797 elementor-widget elementor-widget-image\" data-id=\"0627797\" data-element_type=\"widget\" data-e-type=\"widget\" data-widget_type=\"image.default\">\n\t\t\t\t<div class=\"elementor-widget-container\">\n\t\t\t\t\t\t\t\t\t\t\t\t\t\t\t<img fetchpriority=\"high\" decoding=\"async\" width=\"270\" height=\"205\" src=\"https:\/\/pododinamica.es\/wp-content\/uploads\/2021\/02\/hipopres.jpg\" class=\"attachment-large size-large wp-image-1794\" alt=\"\" \/>\t\t\t\t\t\t\t\t\t\t\t\t\t\t\t<\/div>\n\t\t\t\t<\/div>\n\t\t\t\t\t<\/div>\n\t\t<\/div>\n\t\t\t\t\t<\/div>\n\t\t<\/section>\n\t\t\t\t<section class=\"elementor-section elementor-top-section elementor-element elementor-element-c3a2fa8 elementor-section-boxed elementor-section-height-default elementor-section-height-default\" data-id=\"c3a2fa8\" data-element_type=\"section\" data-e-type=\"section\">\n\t\t\t\t\t\t<div class=\"elementor-container elementor-column-gap-default\">\n\t\t\t\t\t<div class=\"elementor-column elementor-col-100 elementor-top-column elementor-element elementor-element-2d9e447\" data-id=\"2d9e447\" data-element_type=\"column\" data-e-type=\"column\">\n\t\t\t<div class=\"elementor-widget-wrap elementor-element-populated\">\n\t\t\t\t\t\t<div class=\"elementor-element elementor-element-a420409 elementor-shape-rounded elementor-grid-0 e-grid-align-center elementor-widget elementor-widget-social-icons\" data-id=\"a420409\" data-element_type=\"widget\" data-e-type=\"widget\" data-widget_type=\"social-icons.default\">\n\t\t\t\t<div class=\"elementor-widget-container\">\n\t\t\t\t\t\t\t<div class=\"elementor-social-icons-wrapper elementor-grid\" role=\"list\">\n\t\t\t\t\t\t\t<span class=\"elementor-grid-item\" role=\"listitem\">\n\t\t\t\t\t<a class=\"elementor-icon elementor-social-icon elementor-social-icon-facebook elementor-repeater-item-6bb60dc\" href=\"https:\/\/www.facebook.com\/pododinamica\" target=\"_blank\">\n\t\t\t\t\t\t<span class=\"elementor-screen-only\">Facebook<\/span>\n\t\t\t\t\t\t<i aria-hidden=\"true\" class=\"fab fa-facebook\"><\/i>\t\t\t\t\t<\/a>\n\t\t\t\t<\/span>\n\t\t\t\t\t\t\t<span class=\"elementor-grid-item\" role=\"listitem\">\n\t\t\t\t\t<a class=\"elementor-icon elementor-social-icon elementor-social-icon-twitter elementor-repeater-item-3d798fe\" href=\"https:\/\/twitter.com\/Pododinamicaweb\" target=\"_blank\">\n\t\t\t\t\t\t<span class=\"elementor-screen-only\">Twitter<\/span>\n\t\t\t\t\t\t<i aria-hidden=\"true\" class=\"fab fa-twitter\"><\/i>\t\t\t\t\t<\/a>\n\t\t\t\t<\/span>\n\t\t\t\t\t\t\t<span class=\"elementor-grid-item\" role=\"listitem\">\n\t\t\t\t\t<a class=\"elementor-icon elementor-social-icon elementor-social-icon-instagram elementor-repeater-item-1e29817\" href=\"https:\/\/www.instagram.com\/pododinamica\/?hl=es\" target=\"_blank\">\n\t\t\t\t\t\t<span class=\"elementor-screen-only\">Instagram<\/span>\n\t\t\t\t\t\t<i aria-hidden=\"true\" class=\"fab fa-instagram\"><\/i>\t\t\t\t\t<\/a>\n\t\t\t\t<\/span>\n\t\t\t\t\t<\/div>\n\t\t\t\t\t\t<\/div>\n\t\t\t\t<\/div>\n\t\t\t\t\t<\/div>\n\t\t<\/div>\n\t\t\t\t\t<\/div>\n\t\t<\/section>\n\t\t\t\t<section class=\"elementor-section elementor-top-section elementor-element elementor-element-fef087f elementor-section-boxed elementor-section-height-default elementor-section-height-default\" data-id=\"fef087f\" data-element_type=\"section\" data-e-type=\"section\">\n\t\t\t\t\t\t<div class=\"elementor-container elementor-column-gap-default\">\n\t\t\t\t\t<div class=\"elementor-column elementor-col-100 elementor-top-column elementor-element elementor-element-9966bc2\" data-id=\"9966bc2\" data-element_type=\"column\" data-e-type=\"column\">\n\t\t\t<div class=\"elementor-widget-wrap elementor-element-populated\">\n\t\t\t\t\t\t<div class=\"elementor-element elementor-element-708df02 elementor-widget elementor-widget-image\" data-id=\"708df02\" data-element_type=\"widget\" data-e-type=\"widget\" data-widget_type=\"image.default\">\n\t\t\t\t<div class=\"elementor-widget-container\">\n\t\t\t\t\t\t\t\t\t\t\t\t\t\t\t<img decoding=\"async\" width=\"1201\" height=\"52\" data-src=\"https:\/\/pododinamica.es\/wp-content\/uploads\/2021\/03\/pie.png\" class=\"attachment-full size-full wp-image-2606 lazyload\" alt=\"\" data-srcset=\"https:\/\/pododinamica.es\/wp-content\/uploads\/2021\/03\/pie.png 1201w, https:\/\/pododinamica.es\/wp-content\/uploads\/2021\/03\/pie-300x13.png 300w, https:\/\/pododinamica.es\/wp-content\/uploads\/2021\/03\/pie-1024x44.png 1024w, https:\/\/pododinamica.es\/wp-content\/uploads\/2021\/03\/pie-768x33.png 768w, https:\/\/pododinamica.es\/wp-content\/uploads\/2021\/03\/pie-600x26.png 600w\" data-sizes=\"(max-width: 1201px) 100vw, 1201px\" src=\"data:image\/svg+xml;base64,PHN2ZyB3aWR0aD0iMSIgaGVpZ2h0PSIxIiB4bWxucz0iaHR0cDovL3d3dy53My5vcmcvMjAwMC9zdmciPjwvc3ZnPg==\" style=\"--smush-placeholder-width: 1201px; --smush-placeholder-aspect-ratio: 1201\/52;\" \/>\t\t\t\t\t\t\t\t\t\t\t\t\t\t\t<\/div>\n\t\t\t\t<\/div>\n\t\t\t\t\t<\/div>\n\t\t<\/div>\n\t\t\t\t\t<\/div>\n\t\t<\/section>\n\t\t\t\t<\/div>\n\t\t","protected":false},"excerpt":{"rendered":"<p>HIPOPRESIVOS Numerosas lumbalgias y sobrecargas de la regi\u00f3n baja de la espalda, son consecuencia de una hipoton\u00eda abdominal. As\u00ed mismo, dolores y patolog\u00edas recurrentes de pubis, t\u00edpicas en deportistas que ejercitan mucho las piernas (corredores, futbolistas, tenistas\u2026), son debidas a una deficiencia en el equilibrio lumbosacro por baja tonicidad abdominal. Los profesionales que forman el [&hellip;]<\/p>\n","protected":false},"author":1,"featured_media":0,"parent":0,"menu_order":0,"comment_status":"closed","ping_status":"closed","template":"","meta":{"pagelayer_contact_templates":[],"_pagelayer_content":"","footnotes":""},"class_list":["post-746","page","type-page","status-publish","hentry"],"_links":{"self":[{"href":"https:\/\/pododinamica.es\/index.php?rest_route=\/wp\/v2\/pages\/746","targetHints":{"allow":["GET"]}}],"collection":[{"href":"https:\/\/pododinamica.es\/index.php?rest_route=\/wp\/v2\/pages"}],"about":[{"href":"https:\/\/pododinamica.es\/index.php?rest_route=\/wp\/v2\/types\/page"}],"author":[{"embeddable":true,"href":"https:\/\/pododinamica.es\/index.php?rest_route=\/wp\/v2\/users\/1"}],"replies":[{"embeddable":true,"href":"https:\/\/pododinamica.es\/index.php?rest_route=%2Fwp%2Fv2%2Fcomments&post=746"}],"version-history":[{"count":0,"href":"https:\/\/pododinamica.es\/index.php?rest_route=\/wp\/v2\/pages\/746\/revisions"}],"wp:attachment":[{"href":"https:\/\/pododinamica.es\/index.php?rest_route=%2Fwp%2Fv2%2Fmedia&parent=746"}],"curies":[{"name":"wp","href":"https:\/\/api.w.org\/{rel}","templated":true}]}}