{"id":765,"date":"2021-02-21T09:08:16","date_gmt":"2021-02-21T09:08:16","guid":{"rendered":"https:\/\/pododinamica.es\/?page_id=765"},"modified":"2025-04-02T16:17:22","modified_gmt":"2025-04-02T16:17:22","slug":"patologias","status":"publish","type":"page","link":"https:\/\/pododinamica.es\/?page_id=765","title":{"rendered":"Patolog\u00edas"},"content":{"rendered":"\t\t<div data-elementor-type=\"wp-page\" data-elementor-id=\"765\" class=\"elementor elementor-765\">\n\t\t\t\t\t\t<section class=\"elementor-section elementor-top-section elementor-element elementor-element-bfa648d elementor-section-boxed elementor-section-height-default elementor-section-height-default\" data-id=\"bfa648d\" data-element_type=\"section\" data-e-type=\"section\">\n\t\t\t\t\t\t<div class=\"elementor-container elementor-column-gap-default\">\n\t\t\t\t\t<div class=\"elementor-column elementor-col-100 elementor-top-column elementor-element elementor-element-c1cc7ad\" data-id=\"c1cc7ad\" data-element_type=\"column\" data-e-type=\"column\">\n\t\t\t<div class=\"elementor-widget-wrap elementor-element-populated\">\n\t\t\t\t\t\t<div class=\"elementor-element elementor-element-c06ea97 elementor-widget__width-initial elementor-absolute elementor-widget elementor-widget-heading\" data-id=\"c06ea97\" data-element_type=\"widget\" data-e-type=\"widget\" data-settings=\"{&quot;_position&quot;:&quot;absolute&quot;}\" data-widget_type=\"heading.default\">\n\t\t\t\t<div class=\"elementor-widget-container\">\n\t\t\t\t\t<h3 class=\"elementor-heading-title elementor-size-large\">PATOLOG\u00cdAS<\/h3>\t\t\t\t<\/div>\n\t\t\t\t<\/div>\n\t\t\t\t\t<\/div>\n\t\t<\/div>\n\t\t\t\t\t<\/div>\n\t\t<\/section>\n\t\t\t\t<section class=\"elementor-section elementor-top-section elementor-element elementor-element-c95a5a6 elementor-section-boxed elementor-section-height-default elementor-section-height-default\" data-id=\"c95a5a6\" data-element_type=\"section\" data-e-type=\"section\">\n\t\t\t\t\t\t<div class=\"elementor-container elementor-column-gap-default\">\n\t\t\t\t\t<div class=\"elementor-column elementor-col-50 elementor-top-column elementor-element elementor-element-e178ebb\" data-id=\"e178ebb\" data-element_type=\"column\" data-e-type=\"column\">\n\t\t\t<div class=\"elementor-widget-wrap elementor-element-populated\">\n\t\t\t\t\t\t<div class=\"elementor-element elementor-element-27a5d80 elementor-widget elementor-widget-text-editor\" data-id=\"27a5d80\" data-element_type=\"widget\" data-e-type=\"widget\" data-widget_type=\"text-editor.default\">\n\t\t\t\t<div class=\"elementor-widget-container\">\n\t\t\t\t\t\t\t\t\t<h3><strong><span style=\"color: #000000;\">\u00bfQu\u00e9\u00a0es\u00a0la\u00a0fascitis\u00a0plantar?<\/span><\/strong><\/h3><p>Se denomina fascitis plantar a un proceso degenerativo doloroso de la musculatura plantar del pie. Seg\u00fan los \u00faltimos estudios, en la mayor parte de los casos no es una patolog\u00eda inflamatoria, por lo que los tratamientos antiinflamatorios no son la soluci\u00f3n m\u00e1s adecuada, sino que es un proceso de da\u00f1o cr\u00f3nico del tejido plantar o fasciosis, relacionado en muchas ocasiones con una mala pisada. Por ello, el correcto diagn\u00f3stico de esta patolog\u00eda es fundamental para abordar un tratamiento eficaz y espec\u00edfico para cada paciente, combinando no s\u00f3lo aspectos biomec\u00e1nicos, sino tambi\u00e9n de recuperaci\u00f3n del da\u00f1o tisular.<\/p><p>Los dispositivos plantares a medida, con la mezcla de\u00a0<a title=\"Podolog\u00eda Deportiva\" href=\"https:\/\/pododinamica.es\/podologia-deportiva\/\"><strong>materiales viscoel\u00e1sticos de descarga y propulsi\u00f3n<\/strong><\/a>, los\u00a0factores de regeneraci\u00f3n tisular,\u00a0o el tratamiento de\u00a0<strong><a title=\"Fisioterapia y osteopat\u00eda\" href=\"https:\/\/pododinamica.es\/fisioterapia-y-osteopatia\/\"><b>fisioterapia y osteopat\u00eda<\/b><\/a>,\u00a0<\/strong>son un ejemplo del abordaje multidisciplinar y personalizado que ofrecemos a nuestros pacientes.<\/p><p>Para cualquier duda\u00a0<a title=\"Contacto\" href=\"https:\/\/pododinamica.es\/contacto\/\"><strong>consulte con nosotros<\/strong><\/a>.<\/p>\t\t\t\t\t\t\t\t<\/div>\n\t\t\t\t<\/div>\n\t\t\t\t\t<\/div>\n\t\t<\/div>\n\t\t\t\t<div class=\"elementor-column elementor-col-50 elementor-top-column elementor-element elementor-element-c2c361d\" data-id=\"c2c361d\" data-element_type=\"column\" data-e-type=\"column\">\n\t\t\t<div class=\"elementor-widget-wrap elementor-element-populated\">\n\t\t\t\t\t\t<div class=\"elementor-element elementor-element-eab2ee1 elementor-widget elementor-widget-image\" data-id=\"eab2ee1\" data-element_type=\"widget\" data-e-type=\"widget\" data-widget_type=\"image.default\">\n\t\t\t\t<div class=\"elementor-widget-container\">\n\t\t\t\t\t\t\t\t\t\t\t\t\t\t\t<img fetchpriority=\"high\" decoding=\"async\" width=\"800\" height=\"448\" src=\"https:\/\/pododinamica.es\/wp-content\/uploads\/2025\/04\/Imagen11.png\" class=\"attachment-large size-large wp-image-8805\" alt=\"\" srcset=\"https:\/\/pododinamica.es\/wp-content\/uploads\/2025\/04\/Imagen11.png 800w, https:\/\/pododinamica.es\/wp-content\/uploads\/2025\/04\/Imagen11-300x168.png 300w, https:\/\/pododinamica.es\/wp-content\/uploads\/2025\/04\/Imagen11-768x430.png 768w\" sizes=\"(max-width: 800px) 100vw, 800px\" \/>\t\t\t\t\t\t\t\t\t\t\t\t\t\t\t<\/div>\n\t\t\t\t<\/div>\n\t\t\t\t\t<\/div>\n\t\t<\/div>\n\t\t\t\t\t<\/div>\n\t\t<\/section>\n\t\t\t\t<section class=\"elementor-section elementor-top-section elementor-element elementor-element-f5e5cd2 elementor-section-boxed elementor-section-height-default elementor-section-height-default\" data-id=\"f5e5cd2\" data-element_type=\"section\" data-e-type=\"section\">\n\t\t\t\t\t\t<div class=\"elementor-container elementor-column-gap-default\">\n\t\t\t\t\t<div class=\"elementor-column elementor-col-100 elementor-top-column elementor-element elementor-element-9cbfc91\" data-id=\"9cbfc91\" data-element_type=\"column\" data-e-type=\"column\">\n\t\t\t<div class=\"elementor-widget-wrap elementor-element-populated\">\n\t\t\t\t\t\t<div class=\"elementor-element elementor-element-77ff663 elementor-shape-rounded elementor-grid-0 e-grid-align-center elementor-widget elementor-widget-social-icons\" data-id=\"77ff663\" data-element_type=\"widget\" data-e-type=\"widget\" data-widget_type=\"social-icons.default\">\n\t\t\t\t<div class=\"elementor-widget-container\">\n\t\t\t\t\t\t\t<div class=\"elementor-social-icons-wrapper elementor-grid\" role=\"list\">\n\t\t\t\t\t\t\t<span class=\"elementor-grid-item\" role=\"listitem\">\n\t\t\t\t\t<a class=\"elementor-icon elementor-social-icon elementor-social-icon-facebook elementor-repeater-item-9a4cc4e\" href=\"https:\/\/www.facebook.com\/pododinamica\" target=\"_blank\">\n\t\t\t\t\t\t<span class=\"elementor-screen-only\">Facebook<\/span>\n\t\t\t\t\t\t<i aria-hidden=\"true\" class=\"fab fa-facebook\"><\/i>\t\t\t\t\t<\/a>\n\t\t\t\t<\/span>\n\t\t\t\t\t\t\t<span class=\"elementor-grid-item\" role=\"listitem\">\n\t\t\t\t\t<a class=\"elementor-icon elementor-social-icon elementor-social-icon-twitter elementor-repeater-item-cb1a4c4\" href=\"https:\/\/twitter.com\/Pododinamicaweb\" target=\"_blank\">\n\t\t\t\t\t\t<span class=\"elementor-screen-only\">Twitter<\/span>\n\t\t\t\t\t\t<i aria-hidden=\"true\" class=\"fab fa-twitter\"><\/i>\t\t\t\t\t<\/a>\n\t\t\t\t<\/span>\n\t\t\t\t\t\t\t<span class=\"elementor-grid-item\" role=\"listitem\">\n\t\t\t\t\t<a class=\"elementor-icon elementor-social-icon elementor-social-icon-instagram elementor-repeater-item-07b39c7\" href=\"https:\/\/www.instagram.com\/pododinamica\/?hl=es\" target=\"_blank\">\n\t\t\t\t\t\t<span class=\"elementor-screen-only\">Instagram<\/span>\n\t\t\t\t\t\t<i aria-hidden=\"true\" class=\"fab fa-instagram\"><\/i>\t\t\t\t\t<\/a>\n\t\t\t\t<\/span>\n\t\t\t\t\t<\/div>\n\t\t\t\t\t\t<\/div>\n\t\t\t\t<\/div>\n\t\t\t\t\t<\/div>\n\t\t<\/div>\n\t\t\t\t\t<\/div>\n\t\t<\/section>\n\t\t\t\t<section class=\"elementor-section elementor-top-section elementor-element elementor-element-1a3dfc4 elementor-section-boxed elementor-section-height-default elementor-section-height-default\" data-id=\"1a3dfc4\" data-element_type=\"section\" data-e-type=\"section\">\n\t\t\t\t\t\t<div class=\"elementor-container elementor-column-gap-default\">\n\t\t\t\t\t<div class=\"elementor-column elementor-col-100 elementor-top-column elementor-element elementor-element-a5f2606\" data-id=\"a5f2606\" data-element_type=\"column\" data-e-type=\"column\">\n\t\t\t<div class=\"elementor-widget-wrap elementor-element-populated\">\n\t\t\t\t\t\t<div class=\"elementor-element elementor-element-3d92f50 elementor-widget elementor-widget-image\" data-id=\"3d92f50\" data-element_type=\"widget\" data-e-type=\"widget\" data-widget_type=\"image.default\">\n\t\t\t\t<div class=\"elementor-widget-container\">\n\t\t\t\t\t\t\t\t\t\t\t\t\t\t\t<img decoding=\"async\" width=\"1201\" height=\"52\" data-src=\"https:\/\/pododinamica.es\/wp-content\/uploads\/2021\/03\/pie.png\" class=\"attachment-full size-full wp-image-2606 lazyload\" alt=\"\" data-srcset=\"https:\/\/pododinamica.es\/wp-content\/uploads\/2021\/03\/pie.png 1201w, https:\/\/pododinamica.es\/wp-content\/uploads\/2021\/03\/pie-300x13.png 300w, https:\/\/pododinamica.es\/wp-content\/uploads\/2021\/03\/pie-1024x44.png 1024w, https:\/\/pododinamica.es\/wp-content\/uploads\/2021\/03\/pie-768x33.png 768w, https:\/\/pododinamica.es\/wp-content\/uploads\/2021\/03\/pie-600x26.png 600w\" data-sizes=\"(max-width: 1201px) 100vw, 1201px\" src=\"data:image\/svg+xml;base64,PHN2ZyB3aWR0aD0iMSIgaGVpZ2h0PSIxIiB4bWxucz0iaHR0cDovL3d3dy53My5vcmcvMjAwMC9zdmciPjwvc3ZnPg==\" style=\"--smush-placeholder-width: 1201px; --smush-placeholder-aspect-ratio: 1201\/52;\" \/>\t\t\t\t\t\t\t\t\t\t\t\t\t\t\t<\/div>\n\t\t\t\t<\/div>\n\t\t\t\t\t<\/div>\n\t\t<\/div>\n\t\t\t\t\t<\/div>\n\t\t<\/section>\n\t\t\t\t<\/div>\n\t\t","protected":false},"excerpt":{"rendered":"<p>PATOLOG\u00cdAS \u00bfQu\u00e9\u00a0es\u00a0la\u00a0fascitis\u00a0plantar? Se denomina fascitis plantar a un proceso degenerativo doloroso de la musculatura plantar del pie. Seg\u00fan los \u00faltimos estudios, en la mayor parte de los casos no es una patolog\u00eda inflamatoria, por lo que los tratamientos antiinflamatorios no son la soluci\u00f3n m\u00e1s adecuada, sino que es un proceso de da\u00f1o cr\u00f3nico del tejido [&hellip;]<\/p>\n","protected":false},"author":1,"featured_media":0,"parent":0,"menu_order":0,"comment_status":"closed","ping_status":"closed","template":"","meta":{"pagelayer_contact_templates":[],"_pagelayer_content":"","footnotes":""},"class_list":["post-765","page","type-page","status-publish","hentry"],"_links":{"self":[{"href":"https:\/\/pododinamica.es\/index.php?rest_route=\/wp\/v2\/pages\/765","targetHints":{"allow":["GET"]}}],"collection":[{"href":"https:\/\/pododinamica.es\/index.php?rest_route=\/wp\/v2\/pages"}],"about":[{"href":"https:\/\/pododinamica.es\/index.php?rest_route=\/wp\/v2\/types\/page"}],"author":[{"embeddable":true,"href":"https:\/\/pododinamica.es\/index.php?rest_route=\/wp\/v2\/users\/1"}],"replies":[{"embeddable":true,"href":"https:\/\/pododinamica.es\/index.php?rest_route=%2Fwp%2Fv2%2Fcomments&post=765"}],"version-history":[{"count":0,"href":"https:\/\/pododinamica.es\/index.php?rest_route=\/wp\/v2\/pages\/765\/revisions"}],"wp:attachment":[{"href":"https:\/\/pododinamica.es\/index.php?rest_route=%2Fwp%2Fv2%2Fmedia&parent=765"}],"curies":[{"name":"wp","href":"https:\/\/api.w.org\/{rel}","templated":true}]}}